{"id":313,"date":"2019-10-28T08:30:21","date_gmt":"2019-10-28T08:30:21","guid":{"rendered":"https:\/\/www.juanmavictoria.es\/cdpa\/?page_id=313"},"modified":"2022-04-25T13:39:01","modified_gmt":"2022-04-25T11:39:01","slug":"contact-us","status":"publish","type":"page","link":"https:\/\/www.clinicadelpieaquiles.es\/index.php\/contact-us\/","title":{"rendered":"Contacto"},"content":{"rendered":"<p><div class=\"fusion-fullwidth fullwidth-box fusion-builder-row-1 fusion-parallax-none nonhundred-percent-fullwidth non-hundred-percent-height-scrolling fusion-no-medium-visibility fusion-no-large-visibility\" style=\"--awb-border-radius-top-left:0px;--awb-border-radius-top-right:0px;--awb-border-radius-bottom-right:0px;--awb-border-radius-bottom-left:0px;--awb-padding-top:71px;--awb-padding-bottom:125px;--awb-background-image:linear-gradient(0deg, rgba(75,84,105,0.66) 0%,rgba(0,0,0,0.45) 100%),url(https:\/\/www.clinicadelpieaquiles.es\/wp-content\/uploads\/2020\/04\/contacto.jpg);;--awb-background-size:cover;--awb-flex-wrap:wrap;\" ><div class=\"fusion-builder-row fusion-row\"><div class=\"fusion-layout-column fusion_builder_column fusion-builder-column-0 fusion_builder_column_1_1 1_1 fusion-one-full fusion-column-first fusion-column-last fusion-animated\" style=\"--awb-bg-position:center center;--awb-bg-size:cover;\" data-animationType=\"fadeInUp\" data-animationDuration=\"1.0\" data-animationOffset=\"top-into-view\"><div class=\"fusion-column-wrapper fusion-column-has-shadow fusion-flex-column-wrapper-legacy\"><div class=\"fusion-title title fusion-title-1 fusion-sep-none fusion-title-center fusion-title-text fusion-title-size-one\" style=\"--awb-margin-bottom:0px;--awb-margin-bottom-small:0px;--awb-font-size:40px;\"><h1 class=\"fusion-title-heading title-heading-center fusion-responsive-typography-calculated\" style=\"margin:0;font-size:1em;--fontSize:40;line-height:1.4;\">Contacto<\/h1><\/div><div class=\"fusion-clearfix\"><\/div><\/div><\/div><\/div><\/div><div class=\"fusion-fullwidth fullwidth-box fusion-builder-row-2 fusion-parallax-none nonhundred-percent-fullwidth non-hundred-percent-height-scrolling fusion-no-small-visibility\" style=\"--awb-border-radius-top-left:0px;--awb-border-radius-top-right:0px;--awb-border-radius-bottom-right:0px;--awb-border-radius-bottom-left:0px;--awb-padding-top:18%;--awb-padding-bottom:12%;--awb-background-image:linear-gradient(0deg, rgba(75,84,105,0.66) 0%,rgba(0,0,0,0.45) 100%),url(https:\/\/www.clinicadelpieaquiles.es\/wp-content\/uploads\/2020\/04\/contacto.jpg);;--awb-background-size:cover;--awb-flex-wrap:wrap;\" ><div class=\"fusion-builder-row fusion-row\"><div class=\"fusion-layout-column fusion_builder_column fusion-builder-column-1 fusion_builder_column_1_1 1_1 fusion-one-full fusion-column-first fusion-column-last fusion-animated\" style=\"--awb-bg-position:center center;--awb-bg-size:cover;\" data-animationType=\"fadeInUp\" data-animationDuration=\"1.0\" data-animationOffset=\"top-into-view\"><div class=\"fusion-column-wrapper fusion-column-has-shadow fusion-flex-column-wrapper-legacy\"><div class=\"fusion-title title fusion-title-2 fusion-sep-none fusion-title-center fusion-title-text fusion-title-size-one\" style=\"--awb-margin-bottom:0px;--awb-margin-bottom-small:0px;\"><h1 class=\"fusion-title-heading title-heading-center fusion-responsive-typography-calculated\" style=\"margin:0;--fontSize:100;line-height:1.4;\">Contacto<\/h1><\/div><div class=\"fusion-clearfix\"><\/div><\/div><\/div><\/div><\/div><div class=\"fusion-fullwidth fullwidth-box fusion-builder-row-3 nonhundred-percent-fullwidth non-hundred-percent-height-scrolling\" style=\"--awb-border-radius-top-left:0px;--awb-border-radius-top-right:0px;--awb-border-radius-bottom-right:0px;--awb-border-radius-bottom-left:0px;--awb-padding-bottom:6%;--awb-margin-top:-20px;--awb-flex-wrap:wrap;\" ><div class=\"fusion-builder-row fusion-row\"><div class=\"fusion-layout-column fusion_builder_column fusion-builder-column-2 fusion_builder_column_1_2 1_2 fusion-one-half fusion-column-first fusion-animated\" style=\"--awb-padding-right:18px;--awb-padding-left:18px;--awb-overflow:hidden;--awb-bg-color:#ffffff;--awb-bg-color-hover:#ffffff;--awb-bg-size:cover;--awb-box-shadow:0px 20px 38px 0px rgba(84,75,105,0.19);;--awb-border-radius:12px 12px 12px 12px;--awb-margin-bottom:30px;width:50%;width:calc(50% - ( ( 4% ) * 0.5 ) );margin-right: 4%;\" data-animationType=\"fadeInUp\" data-animationDuration=\"1.0\" data-animationOffset=\"top-into-view\"><div class=\"fusion-column-wrapper fusion-column-has-shadow fusion-flex-column-wrapper-legacy\"><div class=\"fusion-fa-align-center\"><i class=\"fb-icon-element-1 fb-icon-element fontawesome-icon fa-envelope-open far circle-yes\" style=\"--awb-iconcolor:#222631;--awb-iconcolor-hover:#222631;--awb-circlecolor:rgba(51,51,51,0);--awb-circlecolor-hover:rgba(51,51,51,0);--awb-circlebordercolor:rgba(51,51,51,0);--awb-circlebordercolor-hover:rgba(51,51,51,0);--awb-circlebordersize:1px;--awb-font-size:52.8px;--awb-width:105.6px;--awb-height:105.6px;--awb-line-height:103.6px;\"><\/i><\/div><div class=\"fusion-title title fusion-title-3 fusion-sep-none fusion-title-center fusion-title-text fusion-title-size-two\" style=\"--awb-text-color:#222631;--awb-margin-bottom:10px;--awb-margin-bottom-small:10px;--awb-font-size:32px;\"><h2 class=\"fusion-title-heading title-heading-center fusion-responsive-typography-calculated\" style=\"margin:0;font-size:1em;letter-spacing:-2px;--fontSize:32;line-height:1.5;\"><span style=\"letter-spacing: 1px;\">Escr\u00edbenos<\/span><\/h2><\/div><div class=\"fusion-text fusion-text-1\"><p style=\"text-align: center; font-size: 16px;\"><span style=\"color: #222631;\"><a style=\"color: #222631;\" href=\"mailto:contacto@clinicadelpieaquiles.es\">contacto@clinicadelpieaquiles.es<\/a><\/span><\/p>\n<\/div><div class=\"fusion-clearfix\"><\/div><\/div><\/div><div class=\"fusion-layout-column fusion_builder_column fusion-builder-column-3 fusion_builder_column_1_2 1_2 fusion-one-half fusion-column-last fusion-animated\" style=\"--awb-padding-right:18px;--awb-padding-left:18px;--awb-overflow:hidden;--awb-bg-color:#ffffff;--awb-bg-color-hover:#ffffff;--awb-bg-size:cover;--awb-box-shadow:0px 20px 38px 0px rgba(84,75,105,0.19);;--awb-border-radius:12px 12px 12px 12px;width:50%;width:calc(50% - ( ( 4% ) * 0.5 ) );\" data-animationType=\"fadeInRight\" data-animationDuration=\"1.0\" data-animationOffset=\"top-into-view\"><div class=\"fusion-column-wrapper fusion-column-has-shadow fusion-flex-column-wrapper-legacy\"><div class=\"fusion-fa-align-center\"><i class=\"fb-icon-element-2 fb-icon-element fontawesome-icon fa-street-view fas circle-yes\" style=\"--awb-iconcolor:#222631;--awb-iconcolor-hover:#222631;--awb-circlecolor:rgba(51,51,51,0);--awb-circlecolor-hover:rgba(51,51,51,0);--awb-circlebordercolor:rgba(51,51,51,0);--awb-circlebordercolor-hover:rgba(51,51,51,0);--awb-circlebordersize:1px;--awb-font-size:52.8px;--awb-width:105.6px;--awb-height:105.6px;--awb-line-height:103.6px;\"><\/i><\/div><div class=\"fusion-title title fusion-title-4 fusion-sep-none fusion-title-center fusion-title-text fusion-title-size-two\" style=\"--awb-text-color:#222631;--awb-margin-bottom:10px;--awb-margin-bottom-small:10px;--awb-font-size:32px;\"><h2 class=\"fusion-title-heading title-heading-center fusion-responsive-typography-calculated\" style=\"margin:0;font-size:1em;letter-spacing:-2px;--fontSize:32;line-height:1.5;\"><span style=\"letter-spacing: 1px;\">Ven a visitarnos<\/span><\/h2><\/div><div class=\"fusion-text fusion-text-2 fusion-no-medium-visibility fusion-no-large-visibility\"><p style=\"text-align: center; font-size: 16px;\">C\/Felipe II 18, Local 2,<br \/>\n41013, Sevilla (Espa\u00f1a)<\/p>\n<\/div><div class=\"fusion-text fusion-text-3 fusion-no-small-visibility\"><p style=\"text-align: center; font-size: 16px;\"><span style=\"color: #222631;\"><a style=\"color: #222631;\" href=\"https:\/\/goo.gl\/maps\/mcw6mGU6J4VHWe2k9\">C\/Felipe II 18, Local 2, 41013, Sevilla (Espa\u00f1a)<\/a><\/span><\/p>\n<\/div><div class=\"fusion-clearfix\"><\/div><\/div><\/div><\/div><\/div><div class=\"fusion-fullwidth fullwidth-box fusion-builder-row-4 nonhundred-percent-fullwidth non-hundred-percent-height-scrolling\" style=\"--awb-border-radius-top-left:0px;--awb-border-radius-top-right:0px;--awb-border-radius-bottom-right:0px;--awb-border-radius-bottom-left:0px;--awb-flex-wrap:wrap;\" ><div class=\"fusion-builder-row fusion-row\"><div class=\"fusion-layout-column fusion_builder_column fusion-builder-column-4 fusion_builder_column_1_1 1_1 fusion-one-full fusion-column-first fusion-column-last\" style=\"--awb-bg-size:cover;\"><div class=\"fusion-column-wrapper fusion-column-has-shadow fusion-flex-column-wrapper-legacy\"><div class=\"fusion-sep-clear\"><\/div><div class=\"fusion-separator fusion-full-width-sep\" style=\"margin-left: auto;margin-right: auto;margin-top:50px;width:100%;\"><\/div><div class=\"fusion-sep-clear\"><\/div><div class=\"fusion-clearfix\"><\/div><\/div><\/div><\/div><\/div><div class=\"fusion-fullwidth fullwidth-box fusion-builder-row-5 hundred-percent-fullwidth non-hundred-percent-height-scrolling\" style=\"--awb-border-radius-top-left:0px;--awb-border-radius-top-right:0px;--awb-border-radius-bottom-right:0px;--awb-border-radius-bottom-left:0px;--awb-flex-wrap:wrap;\" ><div class=\"fusion-builder-row fusion-row\"><div class=\"fusion-layout-column fusion_builder_column fusion-builder-column-5 fusion_builder_column_1_1 1_1 fusion-one-full fusion-column-first fusion-column-last\" style=\"--awb-bg-size:cover;\"><div class=\"fusion-column-wrapper fusion-column-has-shadow fusion-flex-column-wrapper-legacy\">\t\t\t\t\t<script type=\"text\/javascript\">\n\t\t\t\t\t\tvar map_fusion_map_69ef685292de5;\n\t\t\t\t\t\tvar markers = [];\n\t\t\t\t\t\tvar counter = 0;\n\t\t\t\t\t\t\t\t\t\t\t\t\t\t\t\t\t\t\t\tvar fusionMapNonce = '358314319f';\n\t\t\t\t\t\t\t\t\t\t\t\tfunction fusion_run_map_fusion_map_69ef685292de5() {\n\t\t\t\t\t\t\tjQuery('#fusion_map_69ef685292de5').fusion_maps({\n\t\t\t\t\t\t\t\taddresses: [{\"address\":\"37.371352,-5.981424\",\"infobox_content\":\"\",\"coordinates\":true,\"latitude\":\"37.371352\",\"longitude\":\"-5.981424\",\"cache\":true,\"geocoded_address\":\"37.371352,-5.981424\"}],\n\t\t\t\t\t\t\t\tanimations: true,\n\t\t\t\t\t\t\t\tinfobox_background_color: '',\n\t\t\t\t\t\t\t\tinfobox_styling: 'default',\n\t\t\t\t\t\t\t\tinfobox_text_color: '',\n\t\t\t\t\t\t\t\tmap_style: 'default',\n\t\t\t\t\t\t\t\tmap_type: 'roadmap',\n\t\t\t\t\t\t\t\tmarker_icon: '',\n\t\t\t\t\t\t\t\toverlay_color: '',\n\t\t\t\t\t\t\t\toverlay_color_hsl: {\"hue\":0,\"sat\":0,\"lum\":100},\n\t\t\t\t\t\t\t\tpan_control: true,\n\t\t\t\t\t\t\t\tshow_address: false,\n\t\t\t\t\t\t\t\tscale_control: true,\n\t\t\t\t\t\t\t\tscrollwheel: true,\n\t\t\t\t\t\t\t\tzoom: 18,\n\t\t\t\t\t\t\t\tzoom_control: true,\n\t\t\t\t\t\t\t});\n\t\t\t\t\t\t}\n\n\t\t\t\t\t\tgoogle.maps.event.addDomListener(window, 'load', fusion_run_map_fusion_map_69ef685292de5);\n\t\t\t\t\t<\/script>\n\t\t\t\t\t<div class=\"shortcode-map fusion-google-map fusion-maps-js-type\" style=\"--awb-height:400px;\" id=\"fusion_map_69ef685292de5\"><\/div><div class=\"fusion-clearfix\"><\/div><\/div><\/div><\/div><\/div><div class=\"fusion-fullwidth fullwidth-box fusion-builder-row-6 nonhundred-percent-fullwidth non-hundred-percent-height-scrolling\" style=\"--awb-border-radius-top-left:0px;--awb-border-radius-top-right:0px;--awb-border-radius-bottom-right:0px;--awb-border-radius-bottom-left:0px;--awb-flex-wrap:wrap;\" ><div class=\"fusion-builder-row fusion-row\"><div class=\"fusion-layout-column fusion_builder_column fusion-builder-column-6 fusion_builder_column_1_1 1_1 fusion-one-full fusion-column-first fusion-column-last\" style=\"--awb-bg-size:cover;\"><div class=\"fusion-column-wrapper fusion-column-has-shadow fusion-flex-column-wrapper-legacy\"><div class=\"fusion-sep-clear\"><\/div><div class=\"fusion-separator fusion-full-width-sep\" style=\"margin-left: auto;margin-right: auto;margin-top:50px;width:100%;\"><\/div><div class=\"fusion-sep-clear\"><\/div><div class=\"fusion-clearfix\"><\/div><\/div><\/div><\/div><\/div><div class=\"fusion-fullwidth fullwidth-box fusion-builder-row-7 nonhundred-percent-fullwidth non-hundred-percent-height-scrolling\" style=\"--awb-border-radius-top-left:0px;--awb-border-radius-top-right:0px;--awb-border-radius-bottom-right:0px;--awb-border-radius-bottom-left:0px;--awb-padding-bottom:3%;--awb-flex-wrap:wrap;\" ><div class=\"fusion-builder-row fusion-row\"><div class=\"fusion-layout-column fusion_builder_column fusion-builder-column-7 fusion_builder_column_2_3 2_3 fusion-two-third fusion-column-first fusion-animated\" style=\"--awb-padding-bottom:30px;--awb-overflow:hidden;--awb-bg-size:cover;--awb-border-radius:12px 12px 12px 12px;width:66.666666666667%;width:calc(66.666666666667% - ( ( 4% ) * 0.66666666666667 ) );margin-right: 4%;\" data-animationType=\"fadeInLeft\" data-animationDuration=\"1.0\" data-animationOffset=\"top-into-view\"><div class=\"fusion-column-wrapper fusion-column-has-shadow fusion-flex-column-wrapper-legacy\"><div class=\"fusion-title title fusion-title-5 fusion-sep-none fusion-title-text fusion-title-size-two\" style=\"--awb-text-color:#222631;--awb-font-size:50px;\"><h2 class=\"fusion-title-heading title-heading-left fusion-responsive-typography-calculated\" style=\"margin:0;font-size:1em;letter-spacing:-2px;--fontSize:50;line-height:1.5;\">Cu\u00e9ntanos qu\u00e9 necesitas<\/h2><\/div>\n<div class=\"wpcf7 no-js\" id=\"wpcf7-f581-o1\" lang=\"en-US\" dir=\"ltr\">\n<div class=\"screen-reader-response\"><p role=\"status\" aria-live=\"polite\" aria-atomic=\"true\"><\/p> <ul><\/ul><\/div>\n<form action=\"\/index.php\/wp-json\/wp\/v2\/pages\/313#wpcf7-f581-o1\" method=\"post\" class=\"wpcf7-form init\" aria-label=\"Contact form\" novalidate=\"novalidate\" data-status=\"init\">\n<div style=\"display: none;\">\n<input type=\"hidden\" name=\"_wpcf7\" value=\"581\" \/>\n<input type=\"hidden\" name=\"_wpcf7_version\" value=\"5.8.5\" \/>\n<input type=\"hidden\" name=\"_wpcf7_locale\" value=\"en_US\" \/>\n<input type=\"hidden\" name=\"_wpcf7_unit_tag\" value=\"wpcf7-f581-o1\" \/>\n<input type=\"hidden\" name=\"_wpcf7_container_post\" value=\"0\" \/>\n<input type=\"hidden\" name=\"_wpcf7_posted_data_hash\" value=\"\" \/>\n<input type=\"hidden\" name=\"_wpcf7_recaptcha_response\" value=\"\" \/>\n<\/div>\n<p><label> Nombre (requerido)<br \/>\n<span class=\"wpcf7-form-control-wrap\" data-name=\"your-name\"><input size=\"40\" class=\"wpcf7-form-control wpcf7-text wpcf7-validates-as-required\" aria-required=\"true\" aria-invalid=\"false\" value=\"\" type=\"text\" name=\"your-name\" \/><\/span> <\/label>\n<\/p>\n<p><label> Correo electr\u00f3nico (requerido)<br \/>\n<span class=\"wpcf7-form-control-wrap\" data-name=\"your-email\"><input size=\"40\" class=\"wpcf7-form-control wpcf7-email wpcf7-validates-as-required wpcf7-text wpcf7-validates-as-email\" aria-required=\"true\" aria-invalid=\"false\" value=\"\" type=\"email\" name=\"your-email\" \/><\/span> <\/label>\n<\/p>\n<p><label> Asunto<br \/>\n<span class=\"wpcf7-form-control-wrap\" data-name=\"your-subject\"><input size=\"40\" class=\"wpcf7-form-control wpcf7-text\" aria-invalid=\"false\" value=\"\" type=\"text\" name=\"your-subject\" \/><\/span> <\/label>\n<\/p>\n<p><label> Descr\u00edbenos tu consulta<br \/>\n<span class=\"wpcf7-form-control-wrap\" data-name=\"your-message\"><textarea cols=\"40\" rows=\"10\" class=\"wpcf7-form-control wpcf7-textarea\" aria-invalid=\"false\" name=\"your-message\"><\/textarea><\/span> <\/label>\n<\/p>\n<p><div id=\"cf7sr-69ef685294c68\" class=\"cf7sr-g-recaptcha\" data-sitekey=\"6LcQpXoeAAAAAO01u1xe5cn2Hy2m9yIYqBLrgMEV\"><\/div><span class=\"wpcf7-form-control-wrap cf7sr-recaptcha\" data-name=\"cf7sr-recaptcha\"><input type=\"hidden\" name=\"cf7sr-recaptcha\" value=\"\" class=\"wpcf7-form-control\"><\/span>\n<\/p>\n<p><input class=\"wpcf7-form-control wpcf7-submit has-spinner\" type=\"submit\" value=\"Enviar\" \/>\n<\/p>\n<style>.wpcf7-form .wpcf7-not-valid-tip { color: #ad1f5f; }\n<\/style><div class=\"fusion-alert alert custom alert-custom fusion-alert-center wpcf7-response-output fusion-alert-capitalize awb-alert-native-link-color alert-dismissable awb-alert-close-boxed\" style=\"--awb-border-size:1px;--awb-border-top-left-radius:0px;--awb-border-top-right-radius:0px;--awb-border-bottom-left-radius:0px;--awb-border-bottom-right-radius:0px;\" role=\"alert\"><div class=\"fusion-alert-content-wrapper\"><span class=\"fusion-alert-content\"><\/span><\/div><button type=\"button\" class=\"close toggle-alert\" data-dismiss=\"alert\" aria-label=\"Close\">&times;<\/button><\/div>\n<\/form>\n<\/div>\n<div class=\"fusion-clearfix\"><\/div><\/div><\/div><\/div><\/div><\/p>\n","protected":false},"excerpt":{"rendered":"","protected":false},"author":1,"featured_media":0,"parent":0,"menu_order":0,"comment_status":"closed","ping_status":"closed","template":"100-width.php","meta":{"_monsterinsights_skip_tracking":false,"_monsterinsights_sitenote_active":false,"_monsterinsights_sitenote_note":"","_monsterinsights_sitenote_category":0,"footnotes":""},"yoast_head":"<!-- This site is optimized with the Yoast SEO plugin v21.7 - https:\/\/yoast.com\/wordpress\/plugins\/seo\/ -->\n<title>Contacto - Cl\u00ednica del Pie Aquiles<\/title>\n<meta name=\"robots\" content=\"index, follow, max-snippet:-1, max-image-preview:large, max-video-preview:-1\" \/>\n<link rel=\"canonical\" href=\"https:\/\/www.clinicadelpieaquiles.es\/index.php\/contact-us\/\" \/>\n<meta property=\"og:locale\" content=\"es_ES\" \/>\n<meta property=\"og:type\" content=\"article\" \/>\n<meta property=\"og:title\" content=\"Contacto - Cl\u00ednica del Pie Aquiles\" \/>\n<meta property=\"og:url\" content=\"https:\/\/www.clinicadelpieaquiles.es\/index.php\/contact-us\/\" \/>\n<meta property=\"og:site_name\" content=\"Cl\u00ednica del Pie Aquiles\" \/>\n<meta property=\"article:modified_time\" content=\"2022-04-25T11:39:01+00:00\" \/>\n<meta property=\"og:image\" content=\"https:\/\/www.clinicadelpieaquiles.es\/wp-content\/uploads\/2020\/09\/piemorado.png\" \/>\n\t<meta property=\"og:image:width\" content=\"474\" \/>\n\t<meta property=\"og:image:height\" content=\"474\" \/>\n\t<meta property=\"og:image:type\" content=\"image\/png\" \/>\n<meta name=\"twitter:card\" content=\"summary_large_image\" \/>\n<meta name=\"twitter:label1\" content=\"Tiempo de lectura\" \/>\n\t<meta name=\"twitter:data1\" content=\"16 minutos\" \/>\n<script type=\"application\/ld+json\" class=\"yoast-schema-graph\">{\"@context\":\"https:\/\/schema.org\",\"@graph\":[{\"@type\":\"WebPage\",\"@id\":\"https:\/\/www.clinicadelpieaquiles.es\/index.php\/contact-us\/\",\"url\":\"https:\/\/www.clinicadelpieaquiles.es\/index.php\/contact-us\/\",\"name\":\"Contacto - Cl\u00ednica del Pie Aquiles\",\"isPartOf\":{\"@id\":\"https:\/\/www.clinicadelpieaquiles.es\/#website\"},\"datePublished\":\"2019-10-28T08:30:21+00:00\",\"dateModified\":\"2022-04-25T11:39:01+00:00\",\"breadcrumb\":{\"@id\":\"https:\/\/www.clinicadelpieaquiles.es\/index.php\/contact-us\/#breadcrumb\"},\"inLanguage\":\"es\",\"potentialAction\":[{\"@type\":\"ReadAction\",\"target\":[\"https:\/\/www.clinicadelpieaquiles.es\/index.php\/contact-us\/\"]}]},{\"@type\":\"BreadcrumbList\",\"@id\":\"https:\/\/www.clinicadelpieaquiles.es\/index.php\/contact-us\/#breadcrumb\",\"itemListElement\":[{\"@type\":\"ListItem\",\"position\":1,\"name\":\"Portada\",\"item\":\"https:\/\/www.clinicadelpieaquiles.es\/\"},{\"@type\":\"ListItem\",\"position\":2,\"name\":\"Contacto\"}]},{\"@type\":\"WebSite\",\"@id\":\"https:\/\/www.clinicadelpieaquiles.es\/#website\",\"url\":\"https:\/\/www.clinicadelpieaquiles.es\/\",\"name\":\"Cl\u00ednica del Pie Aquiles\",\"description\":\"Pod\u00f3loga Carmen Esteban P\u00e9rez\",\"publisher\":{\"@id\":\"https:\/\/www.clinicadelpieaquiles.es\/#organization\"},\"potentialAction\":[{\"@type\":\"SearchAction\",\"target\":{\"@type\":\"EntryPoint\",\"urlTemplate\":\"https:\/\/www.clinicadelpieaquiles.es\/?s={search_term_string}\"},\"query-input\":\"required name=search_term_string\"}],\"inLanguage\":\"es\"},{\"@type\":\"Organization\",\"@id\":\"https:\/\/www.clinicadelpieaquiles.es\/#organization\",\"name\":\"Cl\u00ednica del Pie Aquiles\",\"url\":\"https:\/\/www.clinicadelpieaquiles.es\/\",\"logo\":{\"@type\":\"ImageObject\",\"inLanguage\":\"es\",\"@id\":\"https:\/\/www.clinicadelpieaquiles.es\/#\/schema\/logo\/image\/\",\"url\":\"https:\/\/www.clinicadelpieaquiles.es\/wp-content\/uploads\/2020\/09\/ogimage.png\",\"contentUrl\":\"https:\/\/www.clinicadelpieaquiles.es\/wp-content\/uploads\/2020\/09\/ogimage.png\",\"width\":184,\"height\":184,\"caption\":\"Cl\u00ednica del Pie Aquiles\"},\"image\":{\"@id\":\"https:\/\/www.clinicadelpieaquiles.es\/#\/schema\/logo\/image\/\"}}]}<\/script>\n<!-- \/ Yoast SEO plugin. -->","yoast_head_json":{"title":"Contacto - Cl\u00ednica del Pie Aquiles","robots":{"index":"index","follow":"follow","max-snippet":"max-snippet:-1","max-image-preview":"max-image-preview:large","max-video-preview":"max-video-preview:-1"},"canonical":"https:\/\/www.clinicadelpieaquiles.es\/index.php\/contact-us\/","og_locale":"es_ES","og_type":"article","og_title":"Contacto - Cl\u00ednica del Pie Aquiles","og_url":"https:\/\/www.clinicadelpieaquiles.es\/index.php\/contact-us\/","og_site_name":"Cl\u00ednica del Pie Aquiles","article_modified_time":"2022-04-25T11:39:01+00:00","og_image":[{"width":474,"height":474,"url":"https:\/\/www.clinicadelpieaquiles.es\/wp-content\/uploads\/2020\/09\/piemorado.png","type":"image\/png"}],"twitter_card":"summary_large_image","twitter_misc":{"Tiempo de lectura":"16 minutos"},"schema":{"@context":"https:\/\/schema.org","@graph":[{"@type":"WebPage","@id":"https:\/\/www.clinicadelpieaquiles.es\/index.php\/contact-us\/","url":"https:\/\/www.clinicadelpieaquiles.es\/index.php\/contact-us\/","name":"Contacto - Cl\u00ednica del Pie Aquiles","isPartOf":{"@id":"https:\/\/www.clinicadelpieaquiles.es\/#website"},"datePublished":"2019-10-28T08:30:21+00:00","dateModified":"2022-04-25T11:39:01+00:00","breadcrumb":{"@id":"https:\/\/www.clinicadelpieaquiles.es\/index.php\/contact-us\/#breadcrumb"},"inLanguage":"es","potentialAction":[{"@type":"ReadAction","target":["https:\/\/www.clinicadelpieaquiles.es\/index.php\/contact-us\/"]}]},{"@type":"BreadcrumbList","@id":"https:\/\/www.clinicadelpieaquiles.es\/index.php\/contact-us\/#breadcrumb","itemListElement":[{"@type":"ListItem","position":1,"name":"Portada","item":"https:\/\/www.clinicadelpieaquiles.es\/"},{"@type":"ListItem","position":2,"name":"Contacto"}]},{"@type":"WebSite","@id":"https:\/\/www.clinicadelpieaquiles.es\/#website","url":"https:\/\/www.clinicadelpieaquiles.es\/","name":"Cl\u00ednica del Pie Aquiles","description":"Pod\u00f3loga Carmen Esteban P\u00e9rez","publisher":{"@id":"https:\/\/www.clinicadelpieaquiles.es\/#organization"},"potentialAction":[{"@type":"SearchAction","target":{"@type":"EntryPoint","urlTemplate":"https:\/\/www.clinicadelpieaquiles.es\/?s={search_term_string}"},"query-input":"required name=search_term_string"}],"inLanguage":"es"},{"@type":"Organization","@id":"https:\/\/www.clinicadelpieaquiles.es\/#organization","name":"Cl\u00ednica del Pie Aquiles","url":"https:\/\/www.clinicadelpieaquiles.es\/","logo":{"@type":"ImageObject","inLanguage":"es","@id":"https:\/\/www.clinicadelpieaquiles.es\/#\/schema\/logo\/image\/","url":"https:\/\/www.clinicadelpieaquiles.es\/wp-content\/uploads\/2020\/09\/ogimage.png","contentUrl":"https:\/\/www.clinicadelpieaquiles.es\/wp-content\/uploads\/2020\/09\/ogimage.png","width":184,"height":184,"caption":"Cl\u00ednica del Pie Aquiles"},"image":{"@id":"https:\/\/www.clinicadelpieaquiles.es\/#\/schema\/logo\/image\/"}}]}},"_links":{"self":[{"href":"https:\/\/www.clinicadelpieaquiles.es\/index.php\/wp-json\/wp\/v2\/pages\/313"}],"collection":[{"href":"https:\/\/www.clinicadelpieaquiles.es\/index.php\/wp-json\/wp\/v2\/pages"}],"about":[{"href":"https:\/\/www.clinicadelpieaquiles.es\/index.php\/wp-json\/wp\/v2\/types\/page"}],"author":[{"embeddable":true,"href":"https:\/\/www.clinicadelpieaquiles.es\/index.php\/wp-json\/wp\/v2\/users\/1"}],"replies":[{"embeddable":true,"href":"https:\/\/www.clinicadelpieaquiles.es\/index.php\/wp-json\/wp\/v2\/comments?post=313"}],"version-history":[{"count":24,"href":"https:\/\/www.clinicadelpieaquiles.es\/index.php\/wp-json\/wp\/v2\/pages\/313\/revisions"}],"predecessor-version":[{"id":952,"href":"https:\/\/www.clinicadelpieaquiles.es\/index.php\/wp-json\/wp\/v2\/pages\/313\/revisions\/952"}],"wp:attachment":[{"href":"https:\/\/www.clinicadelpieaquiles.es\/index.php\/wp-json\/wp\/v2\/media?parent=313"}],"curies":[{"name":"wp","href":"https:\/\/api.w.org\/{rel}","templated":true}]}}